{"id":112,"date":"2018-07-30T18:54:40","date_gmt":"2018-07-30T18:54:40","guid":{"rendered":"https:\/\/www.ccyk.com.co\/?page_id=112"},"modified":"2018-07-30T19:14:48","modified_gmt":"2018-07-30T19:14:48","slug":"barranquilla","status":"publish","type":"page","link":"https:\/\/www.ccyk.com.co\/en\/acerca-de-colombia\/barranquilla\/","title":{"rendered":"Barranquilla"},"content":{"rendered":"<div class=\"col-md-5 offset-md-1\">\n<p>Barranquilla es la capital del departamento del Atl\u00e1ntico y la ciudad m\u00e1s grande y poblada del caribe colombiano. Est\u00e1 ubicada en la ribera del r\u00edo Magdalena cerca de su desembocadura en el mar caribe. Es puerto a\u00e9reo, mar\u00edtimo, fluvial y de comunicaciones. Tiene una extensi\u00f3n de 154 kms y una poblaci\u00f3n de 1.000.000 de habitantes. Conocida como la Puerta de Oro de Colombia porque a finales del siglo XIX era una entrada de viajeros y mercanc\u00edas. Su temperatura promedio es de 28 \u00baC, con presencia de vientos alisios.<\/p>\n<p>El Carnaval de Barranquilla es la fiesta folcl\u00f3rica y cultural m\u00e1s importante de Colombia, y tambi\u00e9n fue reconocida por la UNESCO como Obra Maestra del Patrimonio Oral e Inmaterial de la Humanidad. <\/p>\n<\/div>\n<div class=\"col-md-5\">\n<p>Es la fiesta m\u00e1s alegre, donde se refleja con m\u00e1s fuerza el esp\u00edritu jovial y creativo de nuestras gentes, y se afirma nuestra pertenencia al caribe. En esta se congrega la triple fusi\u00f3n cultural del pa\u00eds (europea, africana e ind\u00edgena), es ind\u00edgena por su cadencia melanc\u00f3lica y por las danzas que se realizan alrededor de la tierra para alabarla, es blanco por Espa\u00f1a, de donde llegaron las celebraciones con vestidos de gala. Negro por los esclavos tra\u00eddos por colonos, con quienes llegaron los tambores, la alegr\u00eda, el ritmo, los lamentos y los movimientos contorsionados.<br \/>\nBarranquilla ha sido cuna de eminentes personajes de la vida art\u00edstica y cultural del pa\u00ed\u00ads, entre ellos escritores, poetas, pintores, escultores, m\u00fasicos, historiadores, cineastas, periodistas, locutores, que han dejado en en alto el nombre de Colombia, y obtenido premios y galardones para bien de las artes y letras nacionales.<\/p>\n<\/div>\n","protected":false},"excerpt":{"rendered":"<p>Barranquilla es la capital del departamento del Atl\u00e1ntico y la ciudad m\u00e1s grande y poblada del caribe colombiano. Est\u00e1 ubicada en la ribera del r\u00edo Magdalena cerca de su desembocadura en el mar caribe. Es puerto a\u00e9reo, mar\u00edtimo, fluvial y de comunicaciones. Tiene una extensi\u00f3n de 154 kms y una poblaci\u00f3n de 1.000.000 de habitantes. [&hellip;]<\/p>\n","protected":false},"author":1,"featured_media":115,"parent":54,"menu_order":2,"comment_status":"closed","ping_status":"closed","template":"page-ciudades.php","meta":[],"_links":{"self":[{"href":"https:\/\/www.ccyk.com.co\/en\/wp-json\/wp\/v2\/pages\/112"}],"collection":[{"href":"https:\/\/www.ccyk.com.co\/en\/wp-json\/wp\/v2\/pages"}],"about":[{"href":"https:\/\/www.ccyk.com.co\/en\/wp-json\/wp\/v2\/types\/page"}],"author":[{"embeddable":true,"href":"https:\/\/www.ccyk.com.co\/en\/wp-json\/wp\/v2\/users\/1"}],"replies":[{"embeddable":true,"href":"https:\/\/www.ccyk.com.co\/en\/wp-json\/wp\/v2\/comments?post=112"}],"version-history":[{"count":2,"href":"https:\/\/www.ccyk.com.co\/en\/wp-json\/wp\/v2\/pages\/112\/revisions"}],"predecessor-version":[{"id":114,"href":"https:\/\/www.ccyk.com.co\/en\/wp-json\/wp\/v2\/pages\/112\/revisions\/114"}],"up":[{"embeddable":true,"href":"https:\/\/www.ccyk.com.co\/en\/wp-json\/wp\/v2\/pages\/54"}],"wp:featuredmedia":[{"embeddable":true,"href":"https:\/\/www.ccyk.com.co\/en\/wp-json\/wp\/v2\/media\/115"}],"wp:attachment":[{"href":"https:\/\/www.ccyk.com.co\/en\/wp-json\/wp\/v2\/media?parent=112"}],"curies":[{"name":"wp","href":"https:\/\/api.w.org\/{rel}","templated":true}]}}