{"id":1502,"date":"2024-06-14T19:50:00","date_gmt":"2024-06-14T19:50:00","guid":{"rendered":"https:\/\/www.ccyk.com.co\/?page_id=1502"},"modified":"2025-06-26T15:29:17","modified_gmt":"2025-06-26T15:29:17","slug":"documentos-institucionales","status":"publish","type":"page","link":"https:\/\/www.ccyk.com.co\/en\/documentos-institucionales\/","title":{"rendered":"Documentos Institucionales"},"content":{"rendered":"<table style=\"width: 100%; border-collapse: collapse;\">\n<tbody>\n<tr>\n<td style=\"border: 1px solid #dddddd; text-align: center; padding: 8px;\"><a style=\"background-color: #156692; border: none; color: white; padding: 10px 20px; text-align: center; text-decoration: none; display: inline-block; font-size: 16px; margin: 4px 2px; cursor: pointer; border-radius: 4px; width: 100%;\" href=\"http:\/\/www.ccyk.com.co\/wp-content\/uploads\/2025\/06\/1_Certificado-revisor-fiscal-representante-legal.pdf\" target=\"_blank\" rel=\"noopener\" download=\"\">Certificacion Rev Fiscal y Rep.Legal<\/a><\/td>\n<\/tr>\n<tr>\n<td style=\"border: 1px solid #dddddd; text-align: center; padding: 8px;\"><a style=\"background-color: #156692; border: none; color: white; padding: 10px 20px; text-align: center; text-decoration: none; display: inline-block; font-size: 16px; margin: 4px 2px; cursor: pointer; border-radius: 4px; width: 100%;\" href=\"http:\/\/www.ccyk.com.co\/wp-content\/uploads\/2024\/06\/Acta-de-Constitucion-CCYK-autenticado.pdf\" target=\"_blank\" rel=\"noopener\" download=\"\">Acta de Constituci\u00f3n CCYK<\/a><\/td>\n<\/tr>\n<tr>\n<td style=\"border: 1px solid #dddddd; text-align: center; padding: 8px;\"><a style=\"background-color: #156692; border: none; color: white; padding: 10px 20px; text-align: center; text-decoration: none; display: inline-block; font-size: 16px; margin: 4px 2px; cursor: pointer; border-radius: 4px; width: 100%;\" href=\"http:\/\/www.ccyk.com.co\/wp-content\/uploads\/2025\/06\/3_Certificado-de-Existencia-y-Representacion-legal-25.04.2025.pdf\" target=\"_blank\" rel=\"noopener\" download=\"\">Certificado de representaci\u00f3n y existencia legal CCYK 2025<\/a><\/td>\n<\/tr>\n<tr>\n<td style=\"border: 1px solid #dddddd; text-align: center; padding: 8px;\"><a style=\"background-color: #156692; border: none; color: white; padding: 10px 20px; text-align: center; text-decoration: none; display: inline-block; font-size: 16px; margin: 4px 2px; cursor: pointer; border-radius: 4px; width: 100%;\" href=\"http:\/\/www.ccyk.com.co\/wp-content\/uploads\/2025\/06\/4_Acta-asamblea-general-ccyk-no-6-firmada-marzo-20.pdf\" target=\"_blank\" rel=\"noopener\" download=\"\">Asamblea General CCYK Marzo 2025<\/a><\/td>\n<\/tr>\n<tr>\n<td style=\"border: 1px solid #dddddd; text-align: center; padding: 8px;\"><a style=\"background-color: #156692; border: none; color: white; padding: 10px 20px; text-align: center; text-decoration: none; display: inline-block; font-size: 16px; margin: 4px 2px; cursor: pointer; border-radius: 4px; width: 100%;\" href=\"http:\/\/www.ccyk.com.co\/wp-content\/uploads\/2025\/06\/5_Informe-de-Gestion-CCYK-2024-AG-Marzo-2025.pdf\" target=\"_blank\" rel=\"noopener\" download=\"\">Informe de Gesti\u00f3n CCYK 2023 AG Marzo 2025<\/a><\/td>\n<\/tr>\n<tr>\n<td style=\"border: 1px solid #dddddd; text-align: center; padding: 8px;\"><a style=\"background-color: #156692; border: none; color: white; padding: 10px 20px; text-align: center; text-decoration: none; display: inline-block; font-size: 16px; margin: 4px 2px; cursor: pointer; border-radius: 4px; width: 100%;\" href=\"http:\/\/www.ccyk.com.co\/wp-content\/uploads\/2025\/06\/6_Certificacion-antecedentes-judiciales-y-caducidad-de-contratos.pdf\" target=\"_blank\" rel=\"noopener\" download=\"\">Certificaci\u00f3n Antecedentes Judiciales y Caducidad de Contratos<\/a><\/td>\n<\/tr>\n<tr>\n<td style=\"border: 1px solid #dddddd; text-align: center; padding: 8px;\"><a style=\"background-color: #156692; border: none; color: white; padding: 10px 20px; text-align: center; text-decoration: none; display: inline-block; font-size: 16px; margin: 4px 2px; cursor: pointer; border-radius: 4px; width: 100%;\" href=\"http:\/\/www.ccyk.com.co\/wp-content\/uploads\/2024\/08\/Estatutos-CCYK-2024-Julio-VIGENTES.pdf\" target=\"_blank\" rel=\"noopener\" download=\"\">Estatutos CCYK 2024 Vigentes<\/a><\/td>\n<\/tr>\n<tr>\n<td style=\"border: 1px solid #dddddd; text-align: center; padding: 8px;\"><a style=\"background-color: #156692; border: none; color: white; padding: 10px 20px; text-align: center; text-decoration: none; display: inline-block; font-size: 16px; margin: 4px 2px; cursor: pointer; border-radius: 4px; width: 100%;\" href=\"http:\/\/www.ccyk.com.co\/wp-content\/uploads\/2025\/06\/8_Certificacion-cargos-directivos-y-gerenciales.pdf\" target=\"_blank\" rel=\"noopener\" download=\"\">Certificaci\u00f3n Cargos Directivos Y Gerenciales<\/a><\/td>\n<\/tr>\n<tr>\n<td style=\"border: 1px solid #dddddd; text-align: center; padding: 8px;\"><a style=\"background-color: #156692; border: none; color: white; padding: 10px 20px; text-align: center; text-decoration: none; display: inline-block; font-size: 16px; margin: 4px 2px; cursor: pointer; border-radius: 4px; width: 100%;\" href=\"http:\/\/www.ccyk.com.co\/wp-content\/uploads\/2025\/06\/9_EEFF-CCYK-2024-2023.pdf\" target=\"_blank\" rel=\"noopener\" download=\"\">EEFF CCYK 2023-2024<\/a><\/td>\n<\/tr>\n<tr>\n<td style=\"border: 1px solid #dddddd; text-align: center; padding: 8px;\"><a style=\"background-color: #156692; border: none; color: white; padding: 10px 20px; text-align: center; text-decoration: none; display: inline-block; font-size: 16px; margin: 4px 2px; cursor: pointer; border-radius: 4px; width: 100%;\" href=\"http:\/\/www.ccyk.com.co\/wp-content\/uploads\/2024\/08\/Acta-Asamblea-General-extraordinaria-CCYK-2024.pdf\" target=\"_blank\" rel=\"noopener\" download=\"\">Acta Asamblea General Extraordinaria. <\/a><\/td>\n<\/tr>\n<\/tbody>\n<\/table>\n","protected":false},"excerpt":{"rendered":"<p>Certificacion Rev Fiscal y Rep.Legal Acta de Constituci\u00f3n CCYK Certificado de representaci\u00f3n y existencia legal CCYK 2025 Asamblea General CCYK Marzo 2025 Informe de Gesti\u00f3n CCYK 2023 AG Marzo 2025 Certificaci\u00f3n Antecedentes Judiciales y Caducidad de Contratos Estatutos CCYK 2024 Vigentes Certificaci\u00f3n Cargos Directivos Y Gerenciales EEFF CCYK 2023-2024 Acta Asamblea General Extraordinaria.<\/p>\n","protected":false},"author":1,"featured_media":26,"parent":0,"menu_order":0,"comment_status":"closed","ping_status":"closed","template":"quienes-somos.php","meta":[],"_links":{"self":[{"href":"https:\/\/www.ccyk.com.co\/en\/wp-json\/wp\/v2\/pages\/1502"}],"collection":[{"href":"https:\/\/www.ccyk.com.co\/en\/wp-json\/wp\/v2\/pages"}],"about":[{"href":"https:\/\/www.ccyk.com.co\/en\/wp-json\/wp\/v2\/types\/page"}],"author":[{"embeddable":true,"href":"https:\/\/www.ccyk.com.co\/en\/wp-json\/wp\/v2\/users\/1"}],"replies":[{"embeddable":true,"href":"https:\/\/www.ccyk.com.co\/en\/wp-json\/wp\/v2\/comments?post=1502"}],"version-history":[{"count":21,"href":"https:\/\/www.ccyk.com.co\/en\/wp-json\/wp\/v2\/pages\/1502\/revisions"}],"predecessor-version":[{"id":1672,"href":"https:\/\/www.ccyk.com.co\/en\/wp-json\/wp\/v2\/pages\/1502\/revisions\/1672"}],"wp:featuredmedia":[{"embeddable":true,"href":"https:\/\/www.ccyk.com.co\/en\/wp-json\/wp\/v2\/media\/26"}],"wp:attachment":[{"href":"https:\/\/www.ccyk.com.co\/en\/wp-json\/wp\/v2\/media?parent=1502"}],"curies":[{"name":"wp","href":"https:\/\/api.w.org\/{rel}","templated":true}]}}