{"id":171,"date":"2018-07-31T15:02:38","date_gmt":"2018-07-31T15:02:38","guid":{"rendered":"https:\/\/www.ccyk.com.co\/?page_id=171"},"modified":"2018-07-31T15:09:05","modified_gmt":"2018-07-31T15:09:05","slug":"manizales","status":"publish","type":"page","link":"https:\/\/www.ccyk.com.co\/en\/acerca-de-colombia\/manizales\/","title":{"rendered":"Manizales"},"content":{"rendered":"<div class=\"col-md-5 offset-md-1\">\n<p>Manizales es la capital del departamento de Caldas, situada en el centro occidente de Colombia, sobre la cordillera central cerca del Nevado del Ru\u00edz. Hace parte de la regi\u00f3n \u201cpaisa\u201d, del \u201ctri\u00e1ngulo de oro\u201d y del \u201ceje cafetero\u201d. Tiene una poblaci\u00f3n de 400,154 habitantes en un \u00e1rea de 571,84 kms cuadrados y un clima promedio de 25 \u00b0C. <\/p>\n<p>Fue fundada por colonos antioque\u00f1os en el siglo XIX, actualmente es una ciudad con gran actividad econ\u00f3mica, industrial, cultural y tur\u00edstica. Igualmente resalta por su actividad cultural en la que se destacan su Feria anual, el Festival Internacional de Teatro y numerosos espect\u00e1culos y convenciones.<br \/>\nEs denominada la &#8220;Ciudad de las Puertas Abiertas&#8221;. Tambi\u00e9n se le conoce como &#8220;Manizales del Alma&#8221; debido a un pasodoble taurino que lleva su nombre.<\/p>\n<\/div>\n<div class=\"col-md-5\">\n<p>Manizales es un destino ideal para que los viajeros se acerquen a la cultura cafetera en haciendas donde es posible conocer sobre el cultivo de este grano que le ha dado buen nombre a Colombia en el mundo. La ciudad tambi\u00e9n ofrece un men\u00fa variado en cuanto a compras y est\u00e1 cerca del Parque Nacional Natural Los Nevados, uno de los 26 que tienen vocaci\u00f3n ecotur\u00edstica en el pa\u00eds.<\/p>\n<p>Adem\u00e1s visitar la Catedral y subir hasta su c\u00fapula para ver panor\u00e1micas de la ciudad; observar aves y relajarse en las aguas termales de los alrededores son algunas opciones que tienen quienes llegan a Manizales.<\/p>\n<\/div>\n","protected":false},"excerpt":{"rendered":"<p>Manizales es la capital del departamento de Caldas, situada en el centro occidente de Colombia, sobre la cordillera central cerca del Nevado del Ru\u00edz. Hace parte de la regi\u00f3n \u201cpaisa\u201d, del \u201ctri\u00e1ngulo de oro\u201d y del \u201ceje cafetero\u201d. Tiene una poblaci\u00f3n de 400,154 habitantes en un \u00e1rea de 571,84 kms cuadrados y un clima promedio [&hellip;]<\/p>\n","protected":false},"author":1,"featured_media":172,"parent":54,"menu_order":0,"comment_status":"closed","ping_status":"closed","template":"page-ciudades.php","meta":[],"_links":{"self":[{"href":"https:\/\/www.ccyk.com.co\/en\/wp-json\/wp\/v2\/pages\/171"}],"collection":[{"href":"https:\/\/www.ccyk.com.co\/en\/wp-json\/wp\/v2\/pages"}],"about":[{"href":"https:\/\/www.ccyk.com.co\/en\/wp-json\/wp\/v2\/types\/page"}],"author":[{"embeddable":true,"href":"https:\/\/www.ccyk.com.co\/en\/wp-json\/wp\/v2\/users\/1"}],"replies":[{"embeddable":true,"href":"https:\/\/www.ccyk.com.co\/en\/wp-json\/wp\/v2\/comments?post=171"}],"version-history":[{"count":3,"href":"https:\/\/www.ccyk.com.co\/en\/wp-json\/wp\/v2\/pages\/171\/revisions"}],"predecessor-version":[{"id":175,"href":"https:\/\/www.ccyk.com.co\/en\/wp-json\/wp\/v2\/pages\/171\/revisions\/175"}],"up":[{"embeddable":true,"href":"https:\/\/www.ccyk.com.co\/en\/wp-json\/wp\/v2\/pages\/54"}],"wp:featuredmedia":[{"embeddable":true,"href":"https:\/\/www.ccyk.com.co\/en\/wp-json\/wp\/v2\/media\/172"}],"wp:attachment":[{"href":"https:\/\/www.ccyk.com.co\/en\/wp-json\/wp\/v2\/media?parent=171"}],"curies":[{"name":"wp","href":"https:\/\/api.w.org\/{rel}","templated":true}]}}