{"id":185,"date":"2018-07-31T15:43:58","date_gmt":"2018-07-31T15:43:58","guid":{"rendered":"https:\/\/www.ccyk.com.co\/?page_id=185"},"modified":"2018-07-31T15:46:03","modified_gmt":"2018-07-31T15:46:03","slug":"bucaramanga","status":"publish","type":"page","link":"https:\/\/www.ccyk.com.co\/en\/acerca-de-colombia\/bucaramanga\/","title":{"rendered":"Bucaramanga"},"content":{"rendered":"<div class=\"col-md-5 offset-md-1\">\n<p>Bucaramanga es la capital del departamento de Santander, y es la ciudad m\u00e1s poblada y grande del oriente de Colombia a 959 metros sobre el nivel del mar.  Tiene 528.683 habitantes en un \u00e1rea de 162 kms cuadrados. Es llamada la \u201cciudad bonita de Colombia\u201d, delimitada al sur por el imponente Ca\u00f1\u00f3n del Chicamocha, al oriente por el P\u00e1ramo de Berl\u00edn y al occidente por el municipio de Lebrija. Bucaramanga es un punto estrat\u00e9gico para detenerse en el camino hacia la costa Atl\u00e1ntica en Colombia y se <\/p>\n<\/div>\n<div class=\"col-md-5\">\n<p>destaca por su clima agradable, que ronda los 25 grados cent\u00edgrados, y por el verde de sus parques.<br \/>\nTiene una s\u00f3lida oferta hotelera y de restaurantes que satisface los gustos de los diferentes viajeros e incluso excelentes campos de golf para los aficionados a este deporte. Esto, sumado a la actividad comercial e industrial de la ciudad lo convierten en un excelente destino de negocios en Colombia.<\/p>\n<\/div>\n","protected":false},"excerpt":{"rendered":"<p>Bucaramanga es la capital del departamento de Santander, y es la ciudad m\u00e1s poblada y grande del oriente de Colombia a 959 metros sobre el nivel del mar. Tiene 528.683 habitantes en un \u00e1rea de 162 kms cuadrados. Es llamada la \u201cciudad bonita de Colombia\u201d, delimitada al sur por el imponente Ca\u00f1\u00f3n del Chicamocha, al [&hellip;]<\/p>\n","protected":false},"author":1,"featured_media":187,"parent":54,"menu_order":0,"comment_status":"closed","ping_status":"closed","template":"page-ciudades.php","meta":[],"_links":{"self":[{"href":"https:\/\/www.ccyk.com.co\/en\/wp-json\/wp\/v2\/pages\/185"}],"collection":[{"href":"https:\/\/www.ccyk.com.co\/en\/wp-json\/wp\/v2\/pages"}],"about":[{"href":"https:\/\/www.ccyk.com.co\/en\/wp-json\/wp\/v2\/types\/page"}],"author":[{"embeddable":true,"href":"https:\/\/www.ccyk.com.co\/en\/wp-json\/wp\/v2\/users\/1"}],"replies":[{"embeddable":true,"href":"https:\/\/www.ccyk.com.co\/en\/wp-json\/wp\/v2\/comments?post=185"}],"version-history":[{"count":2,"href":"https:\/\/www.ccyk.com.co\/en\/wp-json\/wp\/v2\/pages\/185\/revisions"}],"predecessor-version":[{"id":188,"href":"https:\/\/www.ccyk.com.co\/en\/wp-json\/wp\/v2\/pages\/185\/revisions\/188"}],"up":[{"embeddable":true,"href":"https:\/\/www.ccyk.com.co\/en\/wp-json\/wp\/v2\/pages\/54"}],"wp:featuredmedia":[{"embeddable":true,"href":"https:\/\/www.ccyk.com.co\/en\/wp-json\/wp\/v2\/media\/187"}],"wp:attachment":[{"href":"https:\/\/www.ccyk.com.co\/en\/wp-json\/wp\/v2\/media?parent=185"}],"curies":[{"name":"wp","href":"https:\/\/api.w.org\/{rel}","templated":true}]}}