{"id":194,"date":"2018-07-31T16:13:52","date_gmt":"2018-07-31T16:13:52","guid":{"rendered":"https:\/\/www.ccyk.com.co\/?page_id=194"},"modified":"2018-07-31T16:13:52","modified_gmt":"2018-07-31T16:13:52","slug":"cali","status":"publish","type":"page","link":"https:\/\/www.ccyk.com.co\/en\/acerca-de-colombia\/cali\/","title":{"rendered":"Cali"},"content":{"rendered":"<div class=\"col-md-5 offset-md-1\">\n<p>Santiago de Cali es la capital del departamento del Valle del Cauca, la ciudad m\u00e1s grande y poblada del pac\u00edfico colombiano. Tiene 2.500.000 habitantes en un \u00e1rea de 552 kms cuadrados. Tiene una temperatura promedio 25 \u00b0C. Es llamada \u201cla sucursal del cielo\u201d y es cuna de la salsa colombiana. Cali es una ciudad de grandes espacios para el turismo y la recreaci\u00f3n y es la tercera ciudad de Colombia siendo uno de los principales centros econ\u00f3micos e industriales del pa\u00eds y el principal centro urbano, econ\u00f3mico, industrial y agrario del suroccidente colombiano. <\/p>\n<p>Santiago de Cali es adem\u00e1s una ciudad empresarial cuya infraestructura ofrece todas las facilidades para las reuniones de negocios, el alojamiento, las compras, la gastronom\u00eda y la diversi\u00f3n. <\/p>\n<\/div>\n<div class=\"col-md-5\">\n<p>La actividad cultural y art\u00edstica permanente tiene su m\u00e1xima expresi\u00f3n cada dos a\u00f1os en el Festival de Arte y se complementa cada diciembre con la programaci\u00f3n de la Feria de Cali.<\/p>\n<p>La Sultana del Valle cuenta con una bella arquitectura urbana punto de convergencia entre las realizaciones contempor\u00e1neas y los barrios tradicionales en donde se conservan museos, iglesias y teatros declarados hoy monumentos nacionales. Estos valores arquitect\u00f3nicos cuentan con el m\u00e1s bello marco natural formado por los cerros de Cristo Rey y las Tres Cruces y la colina de San Antonio. Santiago de Cali, la sucursal del cielo, se convierte as\u00ed en el lugar ideal para visitar.<\/p>\n<\/div>\n","protected":false},"excerpt":{"rendered":"<p>Santiago de Cali es la capital del departamento del Valle del Cauca, la ciudad m\u00e1s grande y poblada del pac\u00edfico colombiano. Tiene 2.500.000 habitantes en un \u00e1rea de 552 kms cuadrados. Tiene una temperatura promedio 25 \u00b0C. Es llamada \u201cla sucursal del cielo\u201d y es cuna de la salsa colombiana. Cali es una ciudad de [&hellip;]<\/p>\n","protected":false},"author":1,"featured_media":195,"parent":54,"menu_order":0,"comment_status":"closed","ping_status":"closed","template":"page-ciudades.php","meta":[],"_links":{"self":[{"href":"https:\/\/www.ccyk.com.co\/en\/wp-json\/wp\/v2\/pages\/194"}],"collection":[{"href":"https:\/\/www.ccyk.com.co\/en\/wp-json\/wp\/v2\/pages"}],"about":[{"href":"https:\/\/www.ccyk.com.co\/en\/wp-json\/wp\/v2\/types\/page"}],"author":[{"embeddable":true,"href":"https:\/\/www.ccyk.com.co\/en\/wp-json\/wp\/v2\/users\/1"}],"replies":[{"embeddable":true,"href":"https:\/\/www.ccyk.com.co\/en\/wp-json\/wp\/v2\/comments?post=194"}],"version-history":[{"count":1,"href":"https:\/\/www.ccyk.com.co\/en\/wp-json\/wp\/v2\/pages\/194\/revisions"}],"predecessor-version":[{"id":196,"href":"https:\/\/www.ccyk.com.co\/en\/wp-json\/wp\/v2\/pages\/194\/revisions\/196"}],"up":[{"embeddable":true,"href":"https:\/\/www.ccyk.com.co\/en\/wp-json\/wp\/v2\/pages\/54"}],"wp:featuredmedia":[{"embeddable":true,"href":"https:\/\/www.ccyk.com.co\/en\/wp-json\/wp\/v2\/media\/195"}],"wp:attachment":[{"href":"https:\/\/www.ccyk.com.co\/en\/wp-json\/wp\/v2\/media?parent=194"}],"curies":[{"name":"wp","href":"https:\/\/api.w.org\/{rel}","templated":true}]}}