{"id":241,"date":"2018-07-31T19:07:28","date_gmt":"2018-07-31T19:07:28","guid":{"rendered":"https:\/\/www.ccyk.com.co\/?page_id=241"},"modified":"2018-07-31T19:09:59","modified_gmt":"2018-07-31T19:09:59","slug":"santa-marta","status":"publish","type":"page","link":"https:\/\/www.ccyk.com.co\/en\/acerca-de-colombia\/santa-marta\/","title":{"rendered":"Santa Marta"},"content":{"rendered":"<div class=\"col-md-5 offset-md-1\">\n<p>Santa Marta es la capital del departamento de Magdalena situado en la costa atl\u00e1ntica colombiana. Como distrito est\u00e1 conformado por un mar territorial, un \u00e1rea monta\u00f1osa correspondiente a la Sierra Nevada, cuerpos de agua interiores, las islas y bah\u00edas localizadas en el mar territorial y en los cuerpos de agua, el suelo consolidado constituido por una zona costera y una zona continental, el suelo no consolidado constituido por la zona de Bajamar, el subsuelo y el espacio a\u00e9reo asociado. Tiene una poblaci\u00f3n total de 480,000 habitantes y una extensi\u00f3n de 2,394 kms cuadrados, con una temperatura promedio de 28 \u00b0C. <\/p>\n<p>La altura promedio de la ciudad es de 2 msnm, pero con una diferencia de altura que va, en el territorio del municipio, desde el nivel del mar hasta los 5.775 msnm en el Pico Crist\u00f3bal Col\u00f3n, <\/p>\n<\/div>\n<div class=\"col-md-5\">\n<p>que es el m\u00e1s elevado de toda Colombia ubicado en la Sierra Nevada de Santa Marta. Santa Marta cuenta adem\u00e1s con la monta\u00f1a mas alta del mundo al nivel del mar.<\/p>\n<p>Santa Marta, Colombia es la ciudad m\u00e1s antigua de Am\u00e9rica del Sur est\u00e1 llena de una magia dif\u00edcil de describir, su patrimonio arquitect\u00f3nico inigualable, hermosos paisajes y un gran legado cultural con sus tesoros coloniales, hacen de este para\u00edso natural un destino ideal para disfrutar, conocer y recordar. Aqu\u00ed es posible tenerlo todo, la Sierra Nevada de Santa Marta, con una red de ecosistemas \u00fanica en el planeta, y enigm\u00e1ticos vestigios arqueol\u00f3gicos de la cultura Tayrona; las playas del Parque Nacional Natural Tayrona, enmarcadas por una naturaleza virgen y exuberante, reconocidas entre las m\u00e1s bellas del mundo.<\/p>\n<\/div>\n","protected":false},"excerpt":{"rendered":"<p>Santa Marta es la capital del departamento de Magdalena situado en la costa atl\u00e1ntica colombiana. Como distrito est\u00e1 conformado por un mar territorial, un \u00e1rea monta\u00f1osa correspondiente a la Sierra Nevada, cuerpos de agua interiores, las islas y bah\u00edas localizadas en el mar territorial y en los cuerpos de agua, el suelo consolidado constituido por [&hellip;]<\/p>\n","protected":false},"author":1,"featured_media":243,"parent":54,"menu_order":0,"comment_status":"closed","ping_status":"closed","template":"page-ciudades.php","meta":[],"_links":{"self":[{"href":"https:\/\/www.ccyk.com.co\/en\/wp-json\/wp\/v2\/pages\/241"}],"collection":[{"href":"https:\/\/www.ccyk.com.co\/en\/wp-json\/wp\/v2\/pages"}],"about":[{"href":"https:\/\/www.ccyk.com.co\/en\/wp-json\/wp\/v2\/types\/page"}],"author":[{"embeddable":true,"href":"https:\/\/www.ccyk.com.co\/en\/wp-json\/wp\/v2\/users\/1"}],"replies":[{"embeddable":true,"href":"https:\/\/www.ccyk.com.co\/en\/wp-json\/wp\/v2\/comments?post=241"}],"version-history":[{"count":1,"href":"https:\/\/www.ccyk.com.co\/en\/wp-json\/wp\/v2\/pages\/241\/revisions"}],"predecessor-version":[{"id":242,"href":"https:\/\/www.ccyk.com.co\/en\/wp-json\/wp\/v2\/pages\/241\/revisions\/242"}],"up":[{"embeddable":true,"href":"https:\/\/www.ccyk.com.co\/en\/wp-json\/wp\/v2\/pages\/54"}],"wp:featuredmedia":[{"embeddable":true,"href":"https:\/\/www.ccyk.com.co\/en\/wp-json\/wp\/v2\/media\/243"}],"wp:attachment":[{"href":"https:\/\/www.ccyk.com.co\/en\/wp-json\/wp\/v2\/media?parent=241"}],"curies":[{"name":"wp","href":"https:\/\/api.w.org\/{rel}","templated":true}]}}