{"id":58,"date":"2018-07-28T01:28:38","date_gmt":"2018-07-28T01:28:38","guid":{"rendered":"https:\/\/www.ccyk.com.co?page_id=58"},"modified":"2026-01-21T03:34:22","modified_gmt":"2026-01-21T03:34:22","slug":"bogota-d-c","status":"publish","type":"page","link":"https:\/\/www.ccyk.com.co\/en\/acerca-de-colombia\/bogota-d-c\/","title":{"rendered":"Bogot\u00e1 D.C."},"content":{"rendered":"<div class=\"col-md-5 offset-md-1\">\n<p>Bogot\u00e1 es la capital pol\u00edtica y administrativa de Colombia, su ciudad m\u00e1s grande y poblada. Ubicada en el centro del pa\u00eds, en la cordillera oriental, a 2,600 metros sobre el nivel del mar. Tiene una extensi\u00f3n aproximada de 33 kms de sur a norte y 16 kms de oriente a occidente. Su clima se caracteriza por ser moderadamente fr\u00edo, con un promedio cercano de 14\u00baC, y con una temperatura m\u00e1xima cercana a los 23 \u00baC.<\/p>\n<p>Los primeros pobladores de Bogot\u00e1 fueron los Muiscas, pertenecientes a la familia ling\u00fc\u00edstica Chibcha. A la llegada de los conquistadores, se calcula que hab\u00eda medio mill\u00f3n de ind\u00edgenas de este grupo. En esta zona, la poblaci\u00f3n estaba organizada en dos federaciones, cada una bajo el mando de un jefe: la zona suroccidental era dominada por el Zipa, cuyo centro estaba en Bacat\u00e1, actual Bogot\u00e1.<\/p>\n<\/div>\n<div class=\"col-md-5\">\n<p>Bogot\u00e1 es el punto de convergencia de personas de todo el pa\u00eds, diversa y multicultural y en ella se combinan construcciones modernas con otras que evocan su pasado colonial. Bogot\u00e1 es verde gracias a sus parques y a los cerros orientales que dominan los santuarios de Monserrate y Guadalupe, pero tambi\u00e9n tiene el color del ladrillo de numerosos edificios tambi\u00e9n llamados tesoros coloniales. Es tambi\u00e9n punto de encuentro de todo el pa\u00eds, donde todas las culturas de todas las regiones convergen.<\/p>\n<\/div>\n","protected":false},"excerpt":{"rendered":"<p>Bogot\u00e1 es la capital pol\u00edtica y administrativa de Colombia, su ciudad m\u00e1s grande y poblada. Ubicada en el centro del pa\u00eds, en la cordillera oriental, a 2,600 metros sobre el nivel del mar. Tiene una extensi\u00f3n aproximada de 33 kms de sur a norte y 16 kms de oriente a occidente. Su clima se caracteriza [&hellip;]<\/p>\n","protected":false},"author":1,"featured_media":26,"parent":54,"menu_order":0,"comment_status":"closed","ping_status":"closed","template":"page-ciudades.php","meta":[],"_links":{"self":[{"href":"https:\/\/www.ccyk.com.co\/en\/wp-json\/wp\/v2\/pages\/58"}],"collection":[{"href":"https:\/\/www.ccyk.com.co\/en\/wp-json\/wp\/v2\/pages"}],"about":[{"href":"https:\/\/www.ccyk.com.co\/en\/wp-json\/wp\/v2\/types\/page"}],"author":[{"embeddable":true,"href":"https:\/\/www.ccyk.com.co\/en\/wp-json\/wp\/v2\/users\/1"}],"replies":[{"embeddable":true,"href":"https:\/\/www.ccyk.com.co\/en\/wp-json\/wp\/v2\/comments?post=58"}],"version-history":[{"count":4,"href":"https:\/\/www.ccyk.com.co\/en\/wp-json\/wp\/v2\/pages\/58\/revisions"}],"predecessor-version":[{"id":1764,"href":"https:\/\/www.ccyk.com.co\/en\/wp-json\/wp\/v2\/pages\/58\/revisions\/1764"}],"up":[{"embeddable":true,"href":"https:\/\/www.ccyk.com.co\/en\/wp-json\/wp\/v2\/pages\/54"}],"wp:featuredmedia":[{"embeddable":true,"href":"https:\/\/www.ccyk.com.co\/en\/wp-json\/wp\/v2\/media\/26"}],"wp:attachment":[{"href":"https:\/\/www.ccyk.com.co\/en\/wp-json\/wp\/v2\/media?parent=58"}],"curies":[{"name":"wp","href":"https:\/\/api.w.org\/{rel}","templated":true}]}}