{"id":946,"date":"2019-11-15T01:09:48","date_gmt":"2019-11-15T01:09:48","guid":{"rendered":"https:\/\/www.ccyk.com.co\/?page_id=946"},"modified":"2026-01-13T20:35:35","modified_gmt":"2026-01-13T20:35:35","slug":"explora-ccyk","status":"publish","type":"page","link":"https:\/\/www.ccyk.com.co\/en\/explora-ccyk\/","title":{"rendered":"Explore CCYK"},"content":{"rendered":"<p><\/p>\n<div style=\"display: none;\"><\/div>\n<div class=\"col-md-10 offset-md-1\">\n<p>Tenemos el placer de compartir con ustedes el lanzamiento del Programa de movilidad acad\u00e9mico e investigativo de la Red llamado Explora CCYK, en el marco de nuestra Hoja de Ruta seg\u00fan el Eje 3. &#8220;Generar estrategias de fortalecimiento de sus miembros en temas de internacionalizaci\u00f3n de la Educaci\u00f3n Superior seg\u00fan los desaf\u00edos y retos nacionales e internacionales.&#8221;, Objetivo espec\u00edfico 3.2, &#8220;Generar espacios y acciones orientadas para fortalecer el rol de las universidades miembros y los beneficios de estos desde la Red CCYK. actividad Z, &#8220;Dise\u00f1ar e implementar Programa de Movilidad estudiantil de CCYK con \u00e9nfasis investigativo.&#8221;<\/p>\n<div class=\"col-md-10 offset-md-1\">\n<p>Divulgamos la Convocatoria para el periodo 2026, donde podr\u00e1n consultar los siguientes documentos:<\/p>\n<p style=\"text-align: center;\"><a href=\"http:\/\/www.ccyk.com.co\/wp-content\/uploads\/2025\/08\/Instructivo-terminos-y-condiciones-Programa-EXPLORA-CCYK.pdf\">Instructivo, t\u00e9rminos y condiciones Programa EXPLORA CCYK<\/a><\/p>\n<\/div>\n<p><iframe loading=\"lazy\" style=\"border: 0;\" src=\"https:\/\/datastudio.google.com\/embed\/reporting\/2f68a977-ffa5-46e1-aa6b-c194587940f4\/page\/VCiIB\" width=\"100%\" height=\"1350\" frameborder=\"0\" allowfullscreen=\"allowfullscreen\"><\/iframe><\/p>\n<\/div>\n<p><\/p>","protected":false},"excerpt":{"rendered":"<p>Tenemos el placer de compartir con ustedes el lanzamiento del Programa de movilidad acad\u00e9mico e investigativo de la Red llamado Explora CCYK, en el marco de nuestra Hoja de Ruta seg\u00fan el Eje 3. &#8220;Generar estrategias de fortalecimiento de sus miembros en temas de internacionalizaci\u00f3n de la Educaci\u00f3n Superior seg\u00fan los desaf\u00edos y retos nacionales [&hellip;]<\/p>\n","protected":false},"author":1,"featured_media":967,"parent":0,"menu_order":0,"comment_status":"closed","ping_status":"closed","template":"page-explora.php","meta":[],"_links":{"self":[{"href":"https:\/\/www.ccyk.com.co\/en\/wp-json\/wp\/v2\/pages\/946"}],"collection":[{"href":"https:\/\/www.ccyk.com.co\/en\/wp-json\/wp\/v2\/pages"}],"about":[{"href":"https:\/\/www.ccyk.com.co\/en\/wp-json\/wp\/v2\/types\/page"}],"author":[{"embeddable":true,"href":"https:\/\/www.ccyk.com.co\/en\/wp-json\/wp\/v2\/users\/1"}],"replies":[{"embeddable":true,"href":"https:\/\/www.ccyk.com.co\/en\/wp-json\/wp\/v2\/comments?post=946"}],"version-history":[{"count":52,"href":"https:\/\/www.ccyk.com.co\/en\/wp-json\/wp\/v2\/pages\/946\/revisions"}],"predecessor-version":[{"id":1754,"href":"https:\/\/www.ccyk.com.co\/en\/wp-json\/wp\/v2\/pages\/946\/revisions\/1754"}],"wp:featuredmedia":[{"embeddable":true,"href":"https:\/\/www.ccyk.com.co\/en\/wp-json\/wp\/v2\/media\/967"}],"wp:attachment":[{"href":"https:\/\/www.ccyk.com.co\/en\/wp-json\/wp\/v2\/media?parent=946"}],"curies":[{"name":"wp","href":"https:\/\/api.w.org\/{rel}","templated":true}]}}